{"id":239,"date":"2024-04-04T11:34:32","date_gmt":"2024-04-04T11:34:32","guid":{"rendered":"https:\/\/armintitze.de\/?page_id=239"},"modified":"2024-04-04T11:34:32","modified_gmt":"2024-04-04T11:34:32","slug":"seminare","status":"publish","type":"page","link":"https:\/\/armintitze.de\/?page_id=239","title":{"rendered":"Seminare"},"content":{"rendered":"\n<p><\/p>\n\n\n\n<p>Liebe Menschen,<br>ich veranstalte in diesem Jahr einige Lehmbauseminare zu denen ich herzlich einlade. Ich m\u00f6chte mein, in 30 Jahren \u00f6kologischer Altbausanierung erworbenes Wissen und meine F\u00e4higkeiten, an interessierte Laien und Profis weiter geben. Alle Seminare finden in L\u00fctzen, OT Poserna statt.<\/p>\n\n\n\n<ul class=\"wp-block-list\" start=\"6\">\n<li>6. April:<br>Kleine Einf\u00fchrung in die Verarbeitung von Lehm \u2013 und Kalkputz<br>An diesem Tag erfahrt ihr alles Wissenswerte \u00fcber Lehm- und Kalkputze und habt die Gelegenheit beides auszuprobieren. Die Putzfl\u00e4chen, die an diesem Tag erstellt werden, dienen als Ausgleichschicht f\u00fcr eine Innend\u00e4mmung, die in einem sp\u00e4teren Seminar erstellt wird.<br>max. 4 Teilnehmende<\/li>\n\n\n\n<li>11. Mai:<br>Innend\u00e4mmung mit Holzweichfaserplatten<br>Wir erstellen eine Innend\u00e4mmung aus Holzweichfaserplatten, die mit Lehmputz \/ Kalkputz an die Wand geklebt und mit D\u00fcbeln befestigt werden.<br>max. 4 Teilnehmende<\/li>\n\n\n\n<li>12. Mai:<br>Wandheizung kalkulieren und montieren<br>Alles Wissenswerte \u00fcber Wandheizungen, eine Mischung aus der n\u00f6tigen Theorie und Praxis. Am Ende des Tages werden zwei R\u00e4ume mit einer betriebsbereiten Wandheizung versehen sein.<br>max. 4 Teilnehmende<\/li>\n\n\n\n<li>1. Juni:<br>Lehmputz mit Putzmaschine<br>Einf\u00fchrung in das Verarbeiten von Lehmputz mit der Putzmaschine. Hierbei wird die, im vorhergegangenen Seminar montierte, Wandheizung mit einer ersten Lage Lehm-Unterputz versehen.<br>max. 4 Teilnehmende<\/li>\n\n\n\n<li>8. Juni: Lehmputz mit Putzmaschine<br>Einf\u00fchrung in das Verarbeiten von Lehmputz mit der Putzmaschine. Hierbei wird ebenfalls auf das vorangegangene Seminar aufgebaut und eine zweite Lage Unterputz mit Einlage von Armierungsgewebe erstellt.<br>max. 4 Teilnehmende<\/li>\n\n\n\n<li>10. und 11. August: Deckenrestaurierung<br>Hier behandeln wir ein h\u00e4ufig auftretendes Problem: ein alter, rissiger, lose an der Decke h\u00e4ngender Altputz mit mehreren Schichten alter Farbe wird mit Lehmputz statt Gipskarton wieder in eine ansehnliche Decke verwandelt.<br>max. 4 Teilnehmende<\/li>\n\n\n\n<li>30. September bis 6.. Oktober: Fassadensanierung<br>In dieser Woche restaurieren wir eine Fachwerkfassade. Die Gefache sind teils mit Strohlehm, teils mit Ziegelsteinen gef\u00fcllt. Vom sachgerechten Entfernen der Altputze, Putzgrundvorbereitung, Auswahl geeigneter Materialien f\u00fcrs Verputzen die richtige Anwendungstechnik und die Behandlung der Balken und den Putzanstrich kann in dieser Woche alles gelernt werden, was n\u00f6tig ist eine Fachwerkfassade fachgerecht instand zu setzen.<br>max. 6 Teilnehmende<\/li>\n\n\n\n<li>Weitere Informationen gebe ich gerne per mail oder Telefon.<\/li>\n\n\n\n<li>Die Teilnahmegeb\u00fchr betr\u00e4gt pro Tag 150 Euro, incl. einem biologisch \/ vegetarisch \/ veganem Mittagessen und Mehrwertsteuer.<\/li>\n\n\n\n<li>\u00dcber Geld l\u00e4sst sich reden. Wer die Geb\u00fchr nicht aufbringen kann, z.B. wegen Arbeitslosigkeit, Studium oder anderer Gr\u00fcnde, kann mich gerne trotzdem ansprechen.<\/li>\n<\/ul>\n","protected":false},"excerpt":{"rendered":"<p>Liebe Menschen,ich veranstalte in diesem Jahr einige Lehmbauseminare zu denen ich herzlich einlade. Ich m\u00f6chte mein, in 30 Jahren \u00f6kologischer Altbausanierung erworbenes Wissen und meine F\u00e4higkeiten, an interessierte Laien und Profis weiter geben. Alle Seminare finden in L\u00fctzen, OT Poserna statt.<\/p>\n","protected":false},"author":1,"featured_media":0,"parent":0,"menu_order":0,"comment_status":"closed","ping_status":"closed","template":"","meta":{"footnotes":""},"class_list":["post-239","page","type-page","status-publish","hentry","entry"],"_links":{"self":[{"href":"https:\/\/armintitze.de\/index.php?rest_route=\/wp\/v2\/pages\/239","targetHints":{"allow":["GET"]}}],"collection":[{"href":"https:\/\/armintitze.de\/index.php?rest_route=\/wp\/v2\/pages"}],"about":[{"href":"https:\/\/armintitze.de\/index.php?rest_route=\/wp\/v2\/types\/page"}],"author":[{"embeddable":true,"href":"https:\/\/armintitze.de\/index.php?rest_route=\/wp\/v2\/users\/1"}],"replies":[{"embeddable":true,"href":"https:\/\/armintitze.de\/index.php?rest_route=%2Fwp%2Fv2%2Fcomments&post=239"}],"version-history":[{"count":3,"href":"https:\/\/armintitze.de\/index.php?rest_route=\/wp\/v2\/pages\/239\/revisions"}],"predecessor-version":[{"id":242,"href":"https:\/\/armintitze.de\/index.php?rest_route=\/wp\/v2\/pages\/239\/revisions\/242"}],"wp:attachment":[{"href":"https:\/\/armintitze.de\/index.php?rest_route=%2Fwp%2Fv2%2Fmedia&parent=239"}],"curies":[{"name":"wp","href":"https:\/\/api.w.org\/{rel}","templated":true}]}}