{"id":138,"date":"2021-10-06T10:54:59","date_gmt":"2021-10-06T10:54:59","guid":{"rendered":"https:\/\/armintitze.de\/?page_id=138"},"modified":"2025-11-17T12:37:34","modified_gmt":"2025-11-17T12:37:34","slug":"leistungen-2","status":"publish","type":"page","link":"https:\/\/armintitze.de\/?page_id=138","title":{"rendered":"Leistungen"},"content":{"rendered":"\n<h1 class=\"wp-block-heading\"><\/h1>\n\n\n\n<h3 class=\"wp-block-heading alignfull has-text-align-center\">Einige Schwerpunkte meiner Arbeit m\u00f6chten ich Ihnen kurz vorstellen<\/h3>\n\n\n\n<p>Mit besonderer Liebe restauriere ich alte H\u00e4user, vor allem Fachwerkh\u00e4user. Bereits zwei meiner Projekte, die ich in Zusammenarbeit mit der Firma Meurer \u2013 Nat\u00fcrliches Bauen in Koblenz durchgef\u00fchrt haben, wurden mit dem Bundespreis f\u00fcr Handwerk in der Denkmalpflege ausgezeichnet.Ich beherrsche s\u00e4mtliche historische und moderne Lehmbautechniken, einschlie\u00dflich historischer Kalkputze und praktisch alle anderen Arbeiten mit Naturbaustoffen.<\/p>\n\n\n\n<h4 class=\"wp-block-heading\">Meine Leistungen im \u00dcberblick:<\/h4>\n\n\n\n<ul class=\"wp-block-list\">\n<li>Mauerwerk, Innenschalen und Ausfachungen mit Lehmsteinen, Lehmstapelw\u00e4nde<\/li>\n\n\n\n<li>Stampflehmw\u00e4nde und -fu\u00dfb\u00f6den<\/li>\n\n\n\n<li>Innenschalen und W\u00e4nde aus Leichtlehm<\/li>\n\n\n\n<li>Sanierung und Neuausfachung von Fachwerkw\u00e4nden<\/li>\n\n\n\n<li>Deckenf\u00fcllungen mit Lehmsch\u00fcttungen, Staken- und Einschubdecken<\/li>\n\n\n\n<li>Trennw\u00e4nde und Bekleidungen mit Lehmplatten<\/li>\n\n\n\n<li>Lehmputz und Lehm-Dekorputz, individuell f\u00fcr Sie gemischt<\/li>\n\n\n\n<li>historische und moderne Kalkputze<\/li>\n\n\n\n<li>individuelle Gestaltung mit Lehm<\/li>\n\n\n\n<li>Arbeiten mit Tadelakt<\/li>\n\n\n\n<li>Anstriche mit Lehmfarben und Lehmstreichputz<\/li>\n\n\n\n<li>\u00d6kologische D\u00e4mmsysteme f\u00fcr Innen und Au\u00dfen<\/li>\n\n\n\n<li>Planung und Montage von Wandfl\u00e4chenheizungen<\/li>\n\n\n\n<li>Montage von Fu\u00dfbodenbel\u00e4gen, Fenstern und T\u00fcren<\/li>\n\n\n\n<li><a href=\"http:\/\/lehmbausachverstand.de\">Beratung, Planung und Baubegleitung<\/a><\/li>\n<\/ul>\n","protected":false},"excerpt":{"rendered":"<p>Einige Schwerpunkte meiner Arbeit m\u00f6chten ich Ihnen kurz vorstellen Mit besonderer Liebe restauriere ich alte H\u00e4user, vor allem Fachwerkh\u00e4user. Bereits zwei meiner Projekte, die ich in Zusammenarbeit mit der Firma Meurer \u2013 Nat\u00fcrliches Bauen in Koblenz durchgef\u00fchrt haben, wurden mit dem Bundespreis f\u00fcr Handwerk in der Denkmalpflege ausgezeichnet.Ich beherrsche s\u00e4mtliche historische und moderne Lehmbautechniken, einschlie\u00dflich&hellip; <a class=\"more-link\" href=\"https:\/\/armintitze.de\/?page_id=138\"><span class=\"screen-reader-text\">Leistungen<\/span> weiterlesen<\/a><\/p>\n","protected":false},"author":1,"featured_media":0,"parent":0,"menu_order":0,"comment_status":"closed","ping_status":"closed","template":"","meta":{"footnotes":""},"class_list":["post-138","page","type-page","status-publish","hentry","entry"],"_links":{"self":[{"href":"https:\/\/armintitze.de\/index.php?rest_route=\/wp\/v2\/pages\/138","targetHints":{"allow":["GET"]}}],"collection":[{"href":"https:\/\/armintitze.de\/index.php?rest_route=\/wp\/v2\/pages"}],"about":[{"href":"https:\/\/armintitze.de\/index.php?rest_route=\/wp\/v2\/types\/page"}],"author":[{"embeddable":true,"href":"https:\/\/armintitze.de\/index.php?rest_route=\/wp\/v2\/users\/1"}],"replies":[{"embeddable":true,"href":"https:\/\/armintitze.de\/index.php?rest_route=%2Fwp%2Fv2%2Fcomments&post=138"}],"version-history":[{"count":3,"href":"https:\/\/armintitze.de\/index.php?rest_route=\/wp\/v2\/pages\/138\/revisions"}],"predecessor-version":[{"id":265,"href":"https:\/\/armintitze.de\/index.php?rest_route=\/wp\/v2\/pages\/138\/revisions\/265"}],"wp:attachment":[{"href":"https:\/\/armintitze.de\/index.php?rest_route=%2Fwp%2Fv2%2Fmedia&parent=138"}],"curies":[{"name":"wp","href":"https:\/\/api.w.org\/{rel}","templated":true}]}}